{"id":61,"date":"2020-04-21T21:34:47","date_gmt":"2020-04-21T19:34:47","guid":{"rendered":"http:\/\/wp11228539.server-he.de\/vivisionart_wp\/?page_id=61"},"modified":"2020-09-17T16:14:35","modified_gmt":"2020-09-17T14:14:35","slug":"impressum","status":"publish","type":"page","link":"http:\/\/www.vivisionart.com\/?page_id=61","title":{"rendered":"Impressum"},"content":{"rendered":"\n<p>Trotz sorgf\u00e4ltiger inhaltlicher Kontrolle \u00fcbernehmen wir keine Haftung f\u00fcr die Inhalte externer Links. F\u00fcr den Inhalt der verlinkten Seiten sind ausschlie\u00dflich deren Betreiber verantwortlich. S\u00e4mtliche angebotenen Informationen d\u00fcrfen \u2013 auch auszugsweise \u2013 nur mit schriftlicher Genehmigung der <strong>it-medien-dienste<\/strong> weiterverbreitet oder anderweitig ver\u00f6ffentlicht werden. Keinesfalls ist es gestattet, die abgerufenen Informationen online oder auf andere Medien weiterzuverbreiten oder kommerziell zu nutzen!<\/p>\n\n\n\n<p>Verantwortlich f\u00fcr den Inhalt gem\u00e4\u00df \u00a710 Abs. 3 MDStV.:<\/p>\n\n\n\n<p><strong>VIVISIONART, <\/strong>it-medien-dienste<\/p>\n\n\n\n<p>Viktor Ivandikov<br>Sch\u00fctzenstr. 18<br>D-78628 Rottweil<\/p>\n\n\n\n<p>Mob.: +49 (0) 173 19 24 620<br>Mail: info@vivisionart.com<\/p>\n","protected":false},"excerpt":{"rendered":"<p>Trotz sorgf\u00e4ltiger inhaltlicher Kontrolle \u00fcbernehmen wir keine Haftung f\u00fcr die Inhalte externer Links. F\u00fcr den Inhalt der verlinkten Seiten sind ausschlie\u00dflich deren Betreiber verantwortlich. S\u00e4mtliche angebotenen Informationen d\u00fcrfen \u2013 auch auszugsweise \u2013 nur mit schriftlicher Genehmigung der it-medien-dienste weiterverbreitet oder anderweitig ver\u00f6ffentlicht werden. Keinesfalls ist es gestattet, die abgerufenen Informationen online oder auf andere Medien&#8230;<\/p>\n","protected":false},"author":1,"featured_media":0,"parent":0,"menu_order":0,"comment_status":"closed","ping_status":"closed","template":"","meta":[],"_links":{"self":[{"href":"http:\/\/www.vivisionart.com\/index.php?rest_route=\/wp\/v2\/pages\/61"}],"collection":[{"href":"http:\/\/www.vivisionart.com\/index.php?rest_route=\/wp\/v2\/pages"}],"about":[{"href":"http:\/\/www.vivisionart.com\/index.php?rest_route=\/wp\/v2\/types\/page"}],"author":[{"embeddable":true,"href":"http:\/\/www.vivisionart.com\/index.php?rest_route=\/wp\/v2\/users\/1"}],"replies":[{"embeddable":true,"href":"http:\/\/www.vivisionart.com\/index.php?rest_route=%2Fwp%2Fv2%2Fcomments&post=61"}],"version-history":[{"count":2,"href":"http:\/\/www.vivisionart.com\/index.php?rest_route=\/wp\/v2\/pages\/61\/revisions"}],"predecessor-version":[{"id":907,"href":"http:\/\/www.vivisionart.com\/index.php?rest_route=\/wp\/v2\/pages\/61\/revisions\/907"}],"wp:attachment":[{"href":"http:\/\/www.vivisionart.com\/index.php?rest_route=%2Fwp%2Fv2%2Fmedia&parent=61"}],"curies":[{"name":"wp","href":"https:\/\/api.w.org\/{rel}","templated":true}]}}