{"id":88,"date":"2020-04-23T19:38:57","date_gmt":"2020-04-23T17:38:57","guid":{"rendered":"http:\/\/wp11228539.server-he.de\/vivisionart_wp\/?page_id=88"},"modified":"2020-08-22T16:58:38","modified_gmt":"2020-08-22T14:58:38","slug":"photobooth","status":"publish","type":"page","link":"http:\/\/www.vivisionart.com\/?page_id=88","title":{"rendered":"Photobooth"},"content":{"rendered":"\t\t<div data-elementor-type=\"wp-page\" data-elementor-id=\"88\" class=\"elementor elementor-88\" data-elementor-settings=\"[]\">\n\t\t\t\t\t\t<div class=\"elementor-inner\">\n\t\t\t\t\t\t\t<div class=\"elementor-section-wrap\">\n\t\t\t\t\t\t\t<section class=\"elementor-section elementor-top-section elementor-element elementor-element-5d04a93 elementor-section-boxed elementor-section-height-default elementor-section-height-default\" data-id=\"5d04a93\" data-element_type=\"section\">\n\t\t\t\t\t\t<div class=\"elementor-container elementor-column-gap-default\">\n\t\t\t\t\t\t\t<div class=\"elementor-row\">\n\t\t\t\t\t<div class=\"elementor-column elementor-col-50 elementor-top-column elementor-element elementor-element-9c0f617\" data-id=\"9c0f617\" data-element_type=\"column\">\n\t\t\t<div class=\"elementor-column-wrap elementor-element-populated\">\n\t\t\t\t\t\t\t<div class=\"elementor-widget-wrap\">\n\t\t\t\t\t\t<div class=\"elementor-element elementor-element-82dd948 elementor-widget elementor-widget-text-editor\" data-id=\"82dd948\" data-element_type=\"widget\" data-widget_type=\"text-editor.default\">\n\t\t\t\t<div class=\"elementor-widget-container\">\n\t\t\t\t\t<div class=\"elementor-text-editor elementor-clearfix\"><p style=\"text-align: center;\">Das beste Highlight f\u00fcr Ihre Party ist ein Photobooth (Fotobox) von Rockabilly!<\/p><p style=\"text-align: center;\">Schaffe unvergessliche Erinnerungen und fange mit den Photobooths von Rockabilly die sch\u00f6nsten Momente Deiner Feier ein! <span style=\"letter-spacing: 0px;\">Mit den Fotoboxen von Rockabilly bietest Du Deinen Partyg\u00e4sten mit lustigen Verkleidungs-Accessoires und Foto-Ausdrucken ein kleines Event f\u00fcr sich.\u00a0<\/span><span style=\"letter-spacing: 0px;\">Jede der kinderleicht zu bedienenden Fotoboxen k\u00f6nnen sowohl als Selbstbediener als auch mit zus\u00e4tzlicher Betreuung gemietet werden.\u00a0 <\/span><span style=\"letter-spacing: 0px;\">Um die sch\u00f6nsten Momente Deiner Feier nochmal erleben zu k\u00f6nnen, erh\u00e4ltst du nach deiner Feier einen USB-Stick mit all den geschossenen Fotos.<\/span><\/p><p style=\"text-align: center;\">Auf Anfrage erh\u00e4ltst du weitere Informationen \u00fcber die unterschiedlich buchbaren Pakete.<\/p><\/div>\n\t\t\t\t<\/div>\n\t\t\t\t<\/div>\n\t\t\t\t<div class=\"elementor-element elementor-element-45ff493 elementor-widget elementor-widget-spacer\" data-id=\"45ff493\" data-element_type=\"widget\" data-widget_type=\"spacer.default\">\n\t\t\t\t<div class=\"elementor-widget-container\">\n\t\t\t\t\t<div class=\"elementor-spacer\">\n\t\t\t<div class=\"elementor-spacer-inner\"><\/div>\n\t\t<\/div>\n\t\t\t\t<\/div>\n\t\t\t\t<\/div>\n\t\t\t\t\t\t<\/div>\n\t\t\t\t\t<\/div>\n\t\t<\/div>\n\t\t\t\t<div class=\"elementor-column elementor-col-50 elementor-top-column elementor-element elementor-element-59aa74f\" data-id=\"59aa74f\" data-element_type=\"column\">\n\t\t\t<div class=\"elementor-column-wrap elementor-element-populated\">\n\t\t\t\t\t\t\t<div class=\"elementor-widget-wrap\">\n\t\t\t\t\t\t<div class=\"elementor-element elementor-element-9d977a0 elementor-widget elementor-widget-image\" data-id=\"9d977a0\" data-element_type=\"widget\" data-widget_type=\"image.default\">\n\t\t\t\t<div class=\"elementor-widget-container\">\n\t\t\t\t\t<div class=\"elementor-image\">\n\t\t\t\t\t\t\t\t\t\t<img src=\"http:\/\/wp11228539.server-he.de\/vivisionart_wp\/wp-content\/uploads\/elementor\/thumbs\/fotobox_zubechor_box-oqt159fp72l4slfkpa8s1rylf6g25uool7rq8ix6x8.png\" title=\"fotobox_zubechor_box\" alt=\"fotobox_zubechor_box\" \/>\t\t\t\t\t\t\t\t\t\t\t<\/div>\n\t\t\t\t<\/div>\n\t\t\t\t<\/div>\n\t\t\t\t\t\t<\/div>\n\t\t\t\t\t<\/div>\n\t\t<\/div>\n\t\t\t\t\t\t\t\t<\/div>\n\t\t\t\t\t<\/div>\n\t\t<\/section>\n\t\t\t\t<section class=\"elementor-section elementor-top-section elementor-element elementor-element-b843abb elementor-section-boxed elementor-section-height-default elementor-section-height-default\" data-id=\"b843abb\" data-element_type=\"section\">\n\t\t\t\t\t\t<div class=\"elementor-container elementor-column-gap-default\">\n\t\t\t\t\t\t\t<div class=\"elementor-row\">\n\t\t\t\t\t<div class=\"elementor-column elementor-col-100 elementor-top-column elementor-element elementor-element-1f3fc99\" data-id=\"1f3fc99\" data-element_type=\"column\">\n\t\t\t<div class=\"elementor-column-wrap\">\n\t\t\t\t\t\t\t<div class=\"elementor-widget-wrap\">\n\t\t\t\t\t\t\t\t<\/div>\n\t\t\t\t\t<\/div>\n\t\t<\/div>\n\t\t\t\t\t\t\t\t<\/div>\n\t\t\t\t\t<\/div>\n\t\t<\/section>\n\t\t\t\t<section class=\"elementor-section elementor-top-section elementor-element elementor-element-cf3de5b elementor-section-boxed elementor-section-height-default elementor-section-height-default\" data-id=\"cf3de5b\" data-element_type=\"section\">\n\t\t\t\t\t\t<div class=\"elementor-container elementor-column-gap-default\">\n\t\t\t\t\t\t\t<div class=\"elementor-row\">\n\t\t\t\t\t<div class=\"elementor-column elementor-col-100 elementor-top-column elementor-element elementor-element-f1496cc\" data-id=\"f1496cc\" data-element_type=\"column\">\n\t\t\t<div class=\"elementor-column-wrap elementor-element-populated\">\n\t\t\t\t\t\t\t<div class=\"elementor-widget-wrap\">\n\t\t\t\t\t\t<div class=\"elementor-element elementor-element-f5932f9 elementor-widget elementor-widget-text-editor\" data-id=\"f5932f9\" data-element_type=\"widget\" data-widget_type=\"text-editor.default\">\n\t\t\t\t<div class=\"elementor-widget-container\">\n\t\t\t\t\t<div class=\"elementor-text-editor elementor-clearfix\"><p style=\"text-align: center;\">Rockabilly VINTAGE<\/p><\/div>\n\t\t\t\t<\/div>\n\t\t\t\t<\/div>\n\t\t\t\t\t\t<\/div>\n\t\t\t\t\t<\/div>\n\t\t<\/div>\n\t\t\t\t\t\t\t\t<\/div>\n\t\t\t\t\t<\/div>\n\t\t<\/section>\n\t\t\t\t<section class=\"elementor-section elementor-top-section elementor-element elementor-element-1034a76 elementor-section-boxed elementor-section-height-default elementor-section-height-default\" data-id=\"1034a76\" data-element_type=\"section\">\n\t\t\t\t\t\t<div class=\"elementor-container elementor-column-gap-default\">\n\t\t\t\t\t\t\t<div class=\"elementor-row\">\n\t\t\t\t\t<div class=\"elementor-column elementor-col-50 elementor-top-column elementor-element elementor-element-d54400c\" data-id=\"d54400c\" data-element_type=\"column\">\n\t\t\t<div class=\"elementor-column-wrap elementor-element-populated\">\n\t\t\t\t\t\t\t<div class=\"elementor-widget-wrap\">\n\t\t\t\t\t\t<div class=\"elementor-element elementor-element-27b2fd7 elementor-widget elementor-widget-image\" data-id=\"27b2fd7\" data-element_type=\"widget\" data-widget_type=\"image.default\">\n\t\t\t\t<div class=\"elementor-widget-container\">\n\t\t\t\t\t<div class=\"elementor-image\">\n\t\t\t\t\t\t\t\t\t\t<img width=\"225\" height=\"300\" src=\"http:\/\/wp11228539.server-he.de\/vivisionart_wp\/wp-content\/uploads\/2020\/08\/fotobox_vintage_001-225x300.png\" class=\"attachment-medium size-medium\" alt=\"\" loading=\"lazy\" srcset=\"http:\/\/wp11228539.server-he.de\/vivisionart_wp\/wp-content\/uploads\/2020\/08\/fotobox_vintage_001-225x300.png 225w, http:\/\/wp11228539.server-he.de\/vivisionart_wp\/wp-content\/uploads\/2020\/08\/fotobox_vintage_001.png 600w\" sizes=\"(max-width: 225px) 100vw, 225px\" \/>\t\t\t\t\t\t\t\t\t\t\t<\/div>\n\t\t\t\t<\/div>\n\t\t\t\t<\/div>\n\t\t\t\t\t\t<\/div>\n\t\t\t\t\t<\/div>\n\t\t<\/div>\n\t\t\t\t<div class=\"elementor-column elementor-col-50 elementor-top-column elementor-element elementor-element-cfeacc1\" data-id=\"cfeacc1\" data-element_type=\"column\">\n\t\t\t<div class=\"elementor-column-wrap elementor-element-populated\">\n\t\t\t\t\t\t\t<div class=\"elementor-widget-wrap\">\n\t\t\t\t\t\t<div class=\"elementor-element elementor-element-0d9d5a9 elementor-widget elementor-widget-text-editor\" data-id=\"0d9d5a9\" data-element_type=\"widget\" data-widget_type=\"text-editor.default\">\n\t\t\t\t<div class=\"elementor-widget-container\">\n\t\t\t\t\t<div class=\"elementor-text-editor elementor-clearfix\"><ul><li>Ideal f\u00fcr Ihre Hochzeitsfeier<\/li><li>Einmalige Design<\/li><li style=\"text-align: left;\">Die beste Bildqualit\u00e4t dank eingebauter Profi Kamera<\/li><li>Grosses 21&#8243; Touch Display<\/li><li>Sofortprint bis zu 700 Bilder ohne Papier wechseln<\/li><li>Profi Blitz f\u00fcr optimale Beleuchtung<\/li><\/ul><\/div>\n\t\t\t\t<\/div>\n\t\t\t\t<\/div>\n\t\t\t\t\t\t<\/div>\n\t\t\t\t\t<\/div>\n\t\t<\/div>\n\t\t\t\t\t\t\t\t<\/div>\n\t\t\t\t\t<\/div>\n\t\t<\/section>\n\t\t\t\t<section class=\"elementor-section elementor-top-section elementor-element elementor-element-82c6beb elementor-section-boxed elementor-section-height-default elementor-section-height-default\" data-id=\"82c6beb\" data-element_type=\"section\">\n\t\t\t\t\t\t<div class=\"elementor-container elementor-column-gap-default\">\n\t\t\t\t\t\t\t<div class=\"elementor-row\">\n\t\t\t\t\t<div class=\"elementor-column elementor-col-100 elementor-top-column elementor-element elementor-element-f71f8a6\" data-id=\"f71f8a6\" data-element_type=\"column\">\n\t\t\t<div class=\"elementor-column-wrap elementor-element-populated\">\n\t\t\t\t\t\t\t<div class=\"elementor-widget-wrap\">\n\t\t\t\t\t\t<div class=\"elementor-element elementor-element-7122649 elementor-widget elementor-widget-spacer\" data-id=\"7122649\" data-element_type=\"widget\" data-widget_type=\"spacer.default\">\n\t\t\t\t<div class=\"elementor-widget-container\">\n\t\t\t\t\t<div class=\"elementor-spacer\">\n\t\t\t<div class=\"elementor-spacer-inner\"><\/div>\n\t\t<\/div>\n\t\t\t\t<\/div>\n\t\t\t\t<\/div>\n\t\t\t\t<div class=\"elementor-element elementor-element-59e8e2a elementor-widget elementor-widget-text-editor\" data-id=\"59e8e2a\" data-element_type=\"widget\" data-widget_type=\"text-editor.default\">\n\t\t\t\t<div class=\"elementor-widget-container\">\n\t\t\t\t\t<div class=\"elementor-text-editor elementor-clearfix\"><p style=\"text-align: center;\">Rockabilly SILVER &#8222;B&#8220;<\/p><\/div>\n\t\t\t\t<\/div>\n\t\t\t\t<\/div>\n\t\t\t\t\t\t<\/div>\n\t\t\t\t\t<\/div>\n\t\t<\/div>\n\t\t\t\t\t\t\t\t<\/div>\n\t\t\t\t\t<\/div>\n\t\t<\/section>\n\t\t\t\t<section class=\"elementor-section elementor-top-section elementor-element elementor-element-cdd494d elementor-section-boxed elementor-section-height-default elementor-section-height-default\" data-id=\"cdd494d\" data-element_type=\"section\">\n\t\t\t\t\t\t<div class=\"elementor-container elementor-column-gap-default\">\n\t\t\t\t\t\t\t<div class=\"elementor-row\">\n\t\t\t\t\t<div class=\"elementor-column elementor-col-50 elementor-top-column elementor-element elementor-element-8a8ffd1\" data-id=\"8a8ffd1\" data-element_type=\"column\">\n\t\t\t<div class=\"elementor-column-wrap elementor-element-populated\">\n\t\t\t\t\t\t\t<div class=\"elementor-widget-wrap\">\n\t\t\t\t\t\t<div class=\"elementor-element elementor-element-eb6e19c elementor-widget elementor-widget-image\" data-id=\"eb6e19c\" data-element_type=\"widget\" data-widget_type=\"image.default\">\n\t\t\t\t<div class=\"elementor-widget-container\">\n\t\t\t\t\t<div class=\"elementor-image\">\n\t\t\t\t\t\t\t\t\t\t<img width=\"225\" height=\"300\" src=\"http:\/\/wp11228539.server-he.de\/vivisionart_wp\/wp-content\/uploads\/2020\/06\/fotobox_silver_b_001-225x300.png\" class=\"attachment-medium size-medium\" alt=\"\" loading=\"lazy\" srcset=\"http:\/\/wp11228539.server-he.de\/vivisionart_wp\/wp-content\/uploads\/2020\/06\/fotobox_silver_b_001-225x300.png 225w, http:\/\/wp11228539.server-he.de\/vivisionart_wp\/wp-content\/uploads\/2020\/06\/fotobox_silver_b_001.png 600w\" sizes=\"(max-width: 225px) 100vw, 225px\" \/>\t\t\t\t\t\t\t\t\t\t\t<\/div>\n\t\t\t\t<\/div>\n\t\t\t\t<\/div>\n\t\t\t\t\t\t<\/div>\n\t\t\t\t\t<\/div>\n\t\t<\/div>\n\t\t\t\t<div class=\"elementor-column elementor-col-50 elementor-top-column elementor-element elementor-element-1d2abf9\" data-id=\"1d2abf9\" data-element_type=\"column\">\n\t\t\t<div class=\"elementor-column-wrap elementor-element-populated\">\n\t\t\t\t\t\t\t<div class=\"elementor-widget-wrap\">\n\t\t\t\t\t\t<div class=\"elementor-element elementor-element-c9a2d22 elementor-widget elementor-widget-text-editor\" data-id=\"c9a2d22\" data-element_type=\"widget\" data-widget_type=\"text-editor.default\">\n\t\t\t\t<div class=\"elementor-widget-container\">\n\t\t\t\t\t<div class=\"elementor-text-editor elementor-clearfix\"><ul><li style=\"text-align: left;\">Die beste Bildqualit\u00e4t dank eingebauter Profi Kamera<\/li><li>Grosses 21&#8243; Touch Display<\/li><li>Sofortprint bis zu 700 Bilder ohne Papier wechseln<\/li><li>Interner Profi Blitz f\u00fcr optimale Beleuchtung<\/li><\/ul><\/div>\n\t\t\t\t<\/div>\n\t\t\t\t<\/div>\n\t\t\t\t\t\t<\/div>\n\t\t\t\t\t<\/div>\n\t\t<\/div>\n\t\t\t\t\t\t\t\t<\/div>\n\t\t\t\t\t<\/div>\n\t\t<\/section>\n\t\t\t\t<section class=\"elementor-section elementor-top-section elementor-element elementor-element-a46922e elementor-section-boxed elementor-section-height-default elementor-section-height-default\" data-id=\"a46922e\" data-element_type=\"section\">\n\t\t\t\t\t\t<div class=\"elementor-container elementor-column-gap-default\">\n\t\t\t\t\t\t\t<div class=\"elementor-row\">\n\t\t\t\t\t<div class=\"elementor-column elementor-col-100 elementor-top-column elementor-element elementor-element-14a3b22\" data-id=\"14a3b22\" data-element_type=\"column\">\n\t\t\t<div class=\"elementor-column-wrap elementor-element-populated\">\n\t\t\t\t\t\t\t<div class=\"elementor-widget-wrap\">\n\t\t\t\t\t\t<div class=\"elementor-element elementor-element-9ebe745 elementor-widget elementor-widget-spacer\" data-id=\"9ebe745\" data-element_type=\"widget\" data-widget_type=\"spacer.default\">\n\t\t\t\t<div class=\"elementor-widget-container\">\n\t\t\t\t\t<div class=\"elementor-spacer\">\n\t\t\t<div class=\"elementor-spacer-inner\"><\/div>\n\t\t<\/div>\n\t\t\t\t<\/div>\n\t\t\t\t<\/div>\n\t\t\t\t\t\t<\/div>\n\t\t\t\t\t<\/div>\n\t\t<\/div>\n\t\t\t\t\t\t\t\t<\/div>\n\t\t\t\t\t<\/div>\n\t\t<\/section>\n\t\t\t\t<section class=\"elementor-section elementor-top-section elementor-element elementor-element-371cd7c elementor-section-boxed elementor-section-height-default elementor-section-height-default\" data-id=\"371cd7c\" data-element_type=\"section\">\n\t\t\t\t\t\t<div class=\"elementor-container elementor-column-gap-default\">\n\t\t\t\t\t\t\t<div class=\"elementor-row\">\n\t\t\t\t\t<div class=\"elementor-column elementor-col-100 elementor-top-column elementor-element elementor-element-3168cd1\" data-id=\"3168cd1\" data-element_type=\"column\">\n\t\t\t<div class=\"elementor-column-wrap elementor-element-populated\">\n\t\t\t\t\t\t\t<div class=\"elementor-widget-wrap\">\n\t\t\t\t\t\t<div class=\"elementor-element elementor-element-03a5a9f elementor-widget elementor-widget-text-editor\" data-id=\"03a5a9f\" data-element_type=\"widget\" data-widget_type=\"text-editor.default\">\n\t\t\t\t<div class=\"elementor-widget-container\">\n\t\t\t\t\t<div class=\"elementor-text-editor elementor-clearfix\"><p style=\"text-align: center;\"><span style=\"letter-spacing: 0px;\">Rockabilly\u00a0<\/span><span style=\"letter-spacing: 0px;\">SILVER &#8222;S&#8220;<\/span><\/p><\/div>\n\t\t\t\t<\/div>\n\t\t\t\t<\/div>\n\t\t\t\t\t\t<\/div>\n\t\t\t\t\t<\/div>\n\t\t<\/div>\n\t\t\t\t\t\t\t\t<\/div>\n\t\t\t\t\t<\/div>\n\t\t<\/section>\n\t\t\t\t<section class=\"elementor-section elementor-top-section elementor-element elementor-element-311c174 elementor-section-boxed elementor-section-height-default elementor-section-height-default\" data-id=\"311c174\" data-element_type=\"section\">\n\t\t\t\t\t\t<div class=\"elementor-container elementor-column-gap-default\">\n\t\t\t\t\t\t\t<div class=\"elementor-row\">\n\t\t\t\t\t<div class=\"elementor-column elementor-col-50 elementor-top-column elementor-element elementor-element-b171e29\" data-id=\"b171e29\" data-element_type=\"column\">\n\t\t\t<div class=\"elementor-column-wrap elementor-element-populated\">\n\t\t\t\t\t\t\t<div class=\"elementor-widget-wrap\">\n\t\t\t\t\t\t<div class=\"elementor-element elementor-element-daae3d4 elementor-widget elementor-widget-image\" data-id=\"daae3d4\" data-element_type=\"widget\" data-widget_type=\"image.default\">\n\t\t\t\t<div class=\"elementor-widget-container\">\n\t\t\t\t\t<div class=\"elementor-image\">\n\t\t\t\t\t\t\t\t\t\t<img width=\"225\" height=\"300\" src=\"http:\/\/wp11228539.server-he.de\/vivisionart_wp\/wp-content\/uploads\/2020\/06\/fotobox_silver_s_001-225x300.png\" class=\"attachment-medium size-medium\" alt=\"\" loading=\"lazy\" srcset=\"http:\/\/wp11228539.server-he.de\/vivisionart_wp\/wp-content\/uploads\/2020\/06\/fotobox_silver_s_001-225x300.png 225w, http:\/\/wp11228539.server-he.de\/vivisionart_wp\/wp-content\/uploads\/2020\/06\/fotobox_silver_s_001.png 600w\" sizes=\"(max-width: 225px) 100vw, 225px\" \/>\t\t\t\t\t\t\t\t\t\t\t<\/div>\n\t\t\t\t<\/div>\n\t\t\t\t<\/div>\n\t\t\t\t\t\t<\/div>\n\t\t\t\t\t<\/div>\n\t\t<\/div>\n\t\t\t\t<div class=\"elementor-column elementor-col-50 elementor-top-column elementor-element elementor-element-d9711eb\" data-id=\"d9711eb\" data-element_type=\"column\">\n\t\t\t<div class=\"elementor-column-wrap elementor-element-populated\">\n\t\t\t\t\t\t\t<div class=\"elementor-widget-wrap\">\n\t\t\t\t\t\t<div class=\"elementor-element elementor-element-5fdf331 elementor-widget elementor-widget-text-editor\" data-id=\"5fdf331\" data-element_type=\"widget\" data-widget_type=\"text-editor.default\">\n\t\t\t\t<div class=\"elementor-widget-container\">\n\t\t\t\t\t<div class=\"elementor-text-editor elementor-clearfix\"><ul><li style=\"text-align: left;\">Die beste Bildqualit\u00e4t dank eingebauter Profi Kamera<\/li><li>Touch Display<\/li><li>Sofortprint m\u00f6glich<\/li><li>Interner Profi Blitz f\u00fcr optimale Beleuchtung<\/li><\/ul><\/div>\n\t\t\t\t<\/div>\n\t\t\t\t<\/div>\n\t\t\t\t\t\t<\/div>\n\t\t\t\t\t<\/div>\n\t\t<\/div>\n\t\t\t\t\t\t\t\t<\/div>\n\t\t\t\t\t<\/div>\n\t\t<\/section>\n\t\t\t\t\t\t<\/div>\n\t\t\t\t\t\t<\/div>\n\t\t\t\t\t<\/div>\n\t\t","protected":false},"excerpt":{"rendered":"<p>Das beste Highlight f\u00fcr Ihre Party ist ein Photobooth (Fotobox) von Rockabilly! Schaffe unvergessliche Erinnerungen und fange mit den Photobooths von Rockabilly die sch\u00f6nsten Momente Deiner Feier ein! Mit den Fotoboxen von Rockabilly bietest Du Deinen Partyg\u00e4sten mit lustigen Verkleidungs-Accessoires und Foto-Ausdrucken ein kleines Event f\u00fcr sich.&nbsp;Jede der kinderleicht zu bedienenden Fotoboxen k\u00f6nnen sowohl als&#8230;<\/p>\n","protected":false},"author":1,"featured_media":0,"parent":0,"menu_order":0,"comment_status":"closed","ping_status":"closed","template":"","meta":[],"_links":{"self":[{"href":"http:\/\/www.vivisionart.com\/index.php?rest_route=\/wp\/v2\/pages\/88"}],"collection":[{"href":"http:\/\/www.vivisionart.com\/index.php?rest_route=\/wp\/v2\/pages"}],"about":[{"href":"http:\/\/www.vivisionart.com\/index.php?rest_route=\/wp\/v2\/types\/page"}],"author":[{"embeddable":true,"href":"http:\/\/www.vivisionart.com\/index.php?rest_route=\/wp\/v2\/users\/1"}],"replies":[{"embeddable":true,"href":"http:\/\/www.vivisionart.com\/index.php?rest_route=%2Fwp%2Fv2%2Fcomments&post=88"}],"version-history":[{"count":34,"href":"http:\/\/www.vivisionart.com\/index.php?rest_route=\/wp\/v2\/pages\/88\/revisions"}],"predecessor-version":[{"id":690,"href":"http:\/\/www.vivisionart.com\/index.php?rest_route=\/wp\/v2\/pages\/88\/revisions\/690"}],"wp:attachment":[{"href":"http:\/\/www.vivisionart.com\/index.php?rest_route=%2Fwp%2Fv2%2Fmedia&parent=88"}],"curies":[{"name":"wp","href":"https:\/\/api.w.org\/{rel}","templated":true}]}}