{"id":93,"date":"2020-04-23T19:43:29","date_gmt":"2020-04-23T17:43:29","guid":{"rendered":"http:\/\/wp11228539.server-he.de\/vivisionart_wp\/?page_id=93"},"modified":"2020-09-12T21:45:38","modified_gmt":"2020-09-12T19:45:38","slug":"automotive-fotografie","status":"publish","type":"page","link":"http:\/\/www.vivisionart.com\/?page_id=93","title":{"rendered":"Automotive"},"content":{"rendered":"\n<p>Gl\u00e4nzender Lack, leuchtende Scheinwerfer und Felgen. Ob f\u00fcr den Verkaufsinserat oder Privat, hier wird ihr liebstes &#8222;St\u00fcck&#8220; perfekt in Szene gesetzt!<\/p>\n","protected":false},"excerpt":{"rendered":"<p>Gl\u00e4nzender Lack, leuchtende Scheinwerfer und Felgen. Ob f\u00fcr den Verkaufsinserat oder Privat, hier wird ihr liebstes &#8222;St\u00fcck&#8220; perfekt in Szene gesetzt!<\/p>\n","protected":false},"author":1,"featured_media":0,"parent":0,"menu_order":0,"comment_status":"closed","ping_status":"closed","template":"page-albums.php","meta":[],"_links":{"self":[{"href":"http:\/\/www.vivisionart.com\/index.php?rest_route=\/wp\/v2\/pages\/93"}],"collection":[{"href":"http:\/\/www.vivisionart.com\/index.php?rest_route=\/wp\/v2\/pages"}],"about":[{"href":"http:\/\/www.vivisionart.com\/index.php?rest_route=\/wp\/v2\/types\/page"}],"author":[{"embeddable":true,"href":"http:\/\/www.vivisionart.com\/index.php?rest_route=\/wp\/v2\/users\/1"}],"replies":[{"embeddable":true,"href":"http:\/\/www.vivisionart.com\/index.php?rest_route=%2Fwp%2Fv2%2Fcomments&post=93"}],"version-history":[{"count":5,"href":"http:\/\/www.vivisionart.com\/index.php?rest_route=\/wp\/v2\/pages\/93\/revisions"}],"predecessor-version":[{"id":701,"href":"http:\/\/www.vivisionart.com\/index.php?rest_route=\/wp\/v2\/pages\/93\/revisions\/701"}],"wp:attachment":[{"href":"http:\/\/www.vivisionart.com\/index.php?rest_route=%2Fwp%2Fv2%2Fmedia&parent=93"}],"curies":[{"name":"wp","href":"https:\/\/api.w.org\/{rel}","templated":true}]}}